{"id":2902,"date":"2025-11-26T19:59:04","date_gmt":"2025-11-26T19:59:04","guid":{"rendered":"https:\/\/www.melagrana.rs\/index.php\/product\/pistaci-ocisceni-sirovi-2-1\/"},"modified":"2025-12-01T21:13:50","modified_gmt":"2025-12-01T21:13:50","slug":"pistaci-ocisceni-sirovi-2-1","status":"publish","type":"product","link":"https:\/\/www.melagrana.rs\/index.php\/product\/pistaci-ocisceni-sirovi-2-1\/","title":{"rendered":"Pista\u0107i o\u010di\u0161\u0107eni sirovi 2\/1"},"content":{"rendered":"","protected":false},"excerpt":{"rendered":"","protected":false},"featured_media":3483,"comment_status":"open","ping_status":"closed","template":"","meta":[],"product_brand":[],"product_cat":[110],"product_tag":[],"class_list":{"0":"post-2902","1":"product","2":"type-product","3":"status-publish","4":"has-post-thumbnail","6":"product_cat-apetisani-i-suseno-voce-2","8":"first","9":"instock","10":"shipping-taxable","11":"product-type-simple"},"_links":{"self":[{"href":"https:\/\/www.melagrana.rs\/index.php\/wp-json\/wp\/v2\/product\/2902","targetHints":{"allow":["GET"]}}],"collection":[{"href":"https:\/\/www.melagrana.rs\/index.php\/wp-json\/wp\/v2\/product"}],"about":[{"href":"https:\/\/www.melagrana.rs\/index.php\/wp-json\/wp\/v2\/types\/product"}],"replies":[{"embeddable":true,"href":"https:\/\/www.melagrana.rs\/index.php\/wp-json\/wp\/v2\/comments?post=2902"}],"wp:featuredmedia":[{"embeddable":true,"href":"https:\/\/www.melagrana.rs\/index.php\/wp-json\/wp\/v2\/media\/3483"}],"wp:attachment":[{"href":"https:\/\/www.melagrana.rs\/index.php\/wp-json\/wp\/v2\/media?parent=2902"}],"wp:term":[{"taxonomy":"product_brand","embeddable":true,"href":"https:\/\/www.melagrana.rs\/index.php\/wp-json\/wp\/v2\/product_brand?post=2902"},{"taxonomy":"product_cat","embeddable":true,"href":"https:\/\/www.melagrana.rs\/index.php\/wp-json\/wp\/v2\/product_cat?post=2902"},{"taxonomy":"product_tag","embeddable":true,"href":"https:\/\/www.melagrana.rs\/index.php\/wp-json\/wp\/v2\/product_tag?post=2902"}],"curies":[{"name":"wp","href":"https:\/\/api.w.org\/{rel}","templated":true}]}}